{"id":6916,"date":"2024-01-28T12:50:07","date_gmt":"2024-01-28T10:50:07","guid":{"rendered":"https:\/\/boatstuning.com\/?post_type=product&#038;p=6916"},"modified":"2024-02-08T14:34:34","modified_gmt":"2024-02-08T12:34:34","slug":"swivel-slide-enson-ss-p-black","status":"publish","type":"product","link":"https:\/\/boatstuning.com\/ro\/produs\/swivel-slide-enson-ss-p-black\/","title":{"rendered":"Suport rotativ cu glisare Enson SS-P negru"},"content":{"rendered":"<p>[vc_row][vc_column][vc_column_text]Aceast\u0103 baz\u0103 rotativ\u0103-glisant\u0103 pentru scaunul de barc\u0103 este conceput\u0103 pentru a ajusta rapid \u0219i fiabil pozi\u021bia scaunului \u00eenainte \u0219i \u00eenapoi, \u00een func\u021bie de datele antropometrice ale navigatorului \u0219i\/sau de anotimpul \u00een care se schimb\u0103 num\u0103rul de straturi de \u00eembr\u0103c\u0103minte folosite.<\/p>\n<p>Pentru pasageri, suportul rotativ cu glisare este util pentru o pozi\u021bie ideala \u0219i confortabil folosind echipamentul de siguran\u021b\u0103.<\/p>\n<p>Modelul SS-P este destinat instal\u0103rii pe o plac\u0103 orizontal\u0103. Poate fi montat pe o baz\u0103 de scaun cu amortizare sau pe un piedestal specializat. Pachetul include un set de elemente de fixare pentru montarea pe piedestalele PSW.<\/p>\n<p>Disponibil la comand\u0103 \u00een culorile negru \u0219i alb.[\/vc_column_text][vc_custom_heading text=&#8221;Specifica\u021bii&#8221; font_container=&#8221;tag:h4|text_align:left&#8221; use_theme_fonts=&#8221;yes&#8221; css=&#8221;.vc_custom_1700586847598{padding-top: 5px !important;}&#8221;][vc_empty_space height=&#8221;10&#8243;][vc_row_inner][vc_column_inner width=&#8221;1\/2&#8243; css=&#8221;.vc_custom_1700587316747{margin-top: -80px !important;}&#8221;][stm_tech_infos icon_size=&#8221;0&#8243;][stm_tech_info name=&#8221;Lungimea deregalre \u00eeainte-\u00cenapoi&#8221; value=&#8221;95 mm&#8221;][stm_tech_info name=&#8221;Ajustarea rota\u021biei&#8221; value=&#8221;360\u00b0, 4 pozi\u021bii fixe la fiecare 90\u00b0&#8221;][stm_tech_info name=&#8221;Demensiuni LxLxH&#8221; value=&#8221;349x293x55 mm&#8221;][stm_tech_info name=&#8221;Greutate&#8221; value=&#8221;5.4 kg&#8221;][\/stm_tech_infos][\/vc_column_inner][vc_column_inner width=&#8221;1\/2&#8243; css=&#8221;.vc_custom_1700587324723{margin-top: -80px !important;}&#8221;][stm_tech_infos icon_size=&#8221;0&#8243;][stm_tech_info name=&#8221;Material&#8221; value=&#8221;o\u021bel inoxidabil vopsit cu polimer&#8221;][stm_tech_info name=&#8221;Metoda de instalare&#8221; value=&#8221;suport scaun&#8221;][stm_tech_info name=&#8221;Culori disponibile&#8221; value=&#8221;Alb \/ Negru&#8221;][\/stm_tech_infos][\/vc_column_inner][\/vc_row_inner][\/vc_column][\/vc_row]<\/p>\n","protected":false},"excerpt":{"rendered":"<p><span class=\"stm-small-text\">Pretul include TVA<\/span><\/p>\n<p>Enson SS-P suport rotativ cu glisare pentru scaun de barc\u0103<\/p>\n<p>Pozi\u021bia ta la volan afecteaz\u0103 nu doar confortul, ci \u0219i siguran\u021ba naviga\u021biei, capacitatea de ac\u021biona rapid la o situa\u021bie anormal\u0103 brusc\u0103 \u00een timpul conduceri unei b\u0103rci.<\/p>\n","protected":false},"featured_media":6918,"comment_status":"open","ping_status":"closed","template":"","meta":{"_uf_show_specific_survey":0,"_uf_disable_surveys":false},"product_brand":[],"product_cat":[359,368],"product_tag":[362,365,363],"class_list":{"0":"post-6916","1":"product","2":"type-product","3":"status-publish","4":"has-post-thumbnail","6":"product_cat-enson-ro","7":"product_cat-scaune-ro","8":"product_tag-enson-ro","9":"product_tag-glisiera-rotativa","10":"product_tag-pedestal-pentru-scaun","12":"first","13":"instock","14":"sold-individually","15":"shipping-taxable","16":"purchasable","17":"product-type-simple"},"yoast_head":"<!-- This site is optimized with the Yoast SEO plugin v25.5 - https:\/\/yoast.com\/wordpress\/plugins\/seo\/ -->\n<title>Suport rotativ cu glisare Enson SS-P negru - Boats&amp;Tuning<\/title>\n<meta name=\"robots\" content=\"index, follow, max-snippet:-1, max-image-preview:large, max-video-preview:-1\" \/>\n<link rel=\"canonical\" href=\"https:\/\/boatstuning.com\/ro\/produs\/swivel-slide-enson-ss-p-black\/\" \/>\n<meta property=\"og:locale\" content=\"ro_RO\" \/>\n<meta property=\"og:type\" content=\"article\" \/>\n<meta property=\"og:title\" content=\"Suport rotativ cu glisare Enson SS-P negru - Boats&amp;Tuning\" \/>\n<meta property=\"og:description\" content=\"Pretul include TVA  Enson SS-P suport rotativ cu glisare pentru scaun de barc\u0103  Pozi\u021bia ta la volan afecteaz\u0103 nu doar confortul, ci \u0219i siguran\u021ba naviga\u021biei, capacitatea de ac\u021biona rapid la o situa\u021bie anormal\u0103 brusc\u0103 \u00een timpul conduceri unei b\u0103rci.\" \/>\n<meta property=\"og:url\" content=\"https:\/\/boatstuning.com\/ro\/produs\/swivel-slide-enson-ss-p-black\/\" \/>\n<meta property=\"og:site_name\" content=\"Boats&amp;Tuning\" \/>\n<meta property=\"article:publisher\" content=\"https:\/\/www.facebook.com\/Boats.Tuning\/\" \/>\n<meta property=\"article:modified_time\" content=\"2024-02-08T12:34:34+00:00\" \/>\n<meta property=\"og:image\" content=\"https:\/\/boatstuning.com\/wp-content\/uploads\/2024\/01\/Enson-SS-P_black_07.webp\" \/>\n\t<meta property=\"og:image:width\" content=\"1000\" \/>\n\t<meta property=\"og:image:height\" content=\"1000\" \/>\n\t<meta property=\"og:image:type\" content=\"image\/webp\" \/>\n<meta name=\"twitter:card\" content=\"summary_large_image\" \/>\n<meta name=\"twitter:label1\" content=\"Timp estimat pentru citire\" \/>\n\t<meta name=\"twitter:data1\" content=\"1 minut\" \/>\n<script type=\"application\/ld+json\" class=\"yoast-schema-graph\">{\"@context\":\"https:\/\/schema.org\",\"@graph\":[{\"@type\":\"WebPage\",\"@id\":\"https:\/\/boatstuning.com\/ro\/produs\/swivel-slide-enson-ss-p-black\/\",\"url\":\"https:\/\/boatstuning.com\/ro\/produs\/swivel-slide-enson-ss-p-black\/\",\"name\":\"Suport rotativ cu glisare Enson SS-P negru - Boats&amp;Tuning\",\"isPartOf\":{\"@id\":\"https:\/\/boatstuning.com\/#website\"},\"primaryImageOfPage\":{\"@id\":\"https:\/\/boatstuning.com\/ro\/produs\/swivel-slide-enson-ss-p-black\/#primaryimage\"},\"image\":{\"@id\":\"https:\/\/boatstuning.com\/ro\/produs\/swivel-slide-enson-ss-p-black\/#primaryimage\"},\"thumbnailUrl\":\"https:\/\/boatstuning.com\/wp-content\/uploads\/2024\/01\/Enson-SS-P_black_07.webp\",\"datePublished\":\"2024-01-28T10:50:07+00:00\",\"dateModified\":\"2024-02-08T12:34:34+00:00\",\"breadcrumb\":{\"@id\":\"https:\/\/boatstuning.com\/ro\/produs\/swivel-slide-enson-ss-p-black\/#breadcrumb\"},\"inLanguage\":\"ro-RO\",\"potentialAction\":[{\"@type\":\"ReadAction\",\"target\":[\"https:\/\/boatstuning.com\/ro\/produs\/swivel-slide-enson-ss-p-black\/\"]}]},{\"@type\":\"ImageObject\",\"inLanguage\":\"ro-RO\",\"@id\":\"https:\/\/boatstuning.com\/ro\/produs\/swivel-slide-enson-ss-p-black\/#primaryimage\",\"url\":\"https:\/\/boatstuning.com\/wp-content\/uploads\/2024\/01\/Enson-SS-P_black_07.webp\",\"contentUrl\":\"https:\/\/boatstuning.com\/wp-content\/uploads\/2024\/01\/Enson-SS-P_black_07.webp\",\"width\":1000,\"height\":1000},{\"@type\":\"BreadcrumbList\",\"@id\":\"https:\/\/boatstuning.com\/ro\/produs\/swivel-slide-enson-ss-p-black\/#breadcrumb\",\"itemListElement\":[{\"@type\":\"ListItem\",\"position\":1,\"name\":\"Home\",\"item\":\"https:\/\/boatstuning.com\/ro\/front-page\/\"},{\"@type\":\"ListItem\",\"position\":2,\"name\":\"Magazin\",\"item\":\"https:\/\/boatstuning.com\/ro\/magazin\/\"},{\"@type\":\"ListItem\",\"position\":3,\"name\":\"Suport rotativ cu glisare Enson SS-P negru\"}]},{\"@type\":\"WebSite\",\"@id\":\"https:\/\/boatstuning.com\/#website\",\"url\":\"https:\/\/boatstuning.com\/\",\"name\":\"Boats&Tuning\",\"description\":\"V\u00e2nz\u0103ri \u0219i tuning b\u0103rci\",\"publisher\":{\"@id\":\"https:\/\/boatstuning.com\/#organization\"},\"potentialAction\":[{\"@type\":\"SearchAction\",\"target\":{\"@type\":\"EntryPoint\",\"urlTemplate\":\"https:\/\/boatstuning.com\/?s={search_term_string}\"},\"query-input\":{\"@type\":\"PropertyValueSpecification\",\"valueRequired\":true,\"valueName\":\"search_term_string\"}}],\"inLanguage\":\"ro-RO\"},{\"@type\":\"Organization\",\"@id\":\"https:\/\/boatstuning.com\/#organization\",\"name\":\"Boats&Tuning\",\"url\":\"https:\/\/boatstuning.com\/\",\"logo\":{\"@type\":\"ImageObject\",\"inLanguage\":\"ro-RO\",\"@id\":\"https:\/\/boatstuning.com\/#\/schema\/logo\/image\/\",\"url\":\"https:\/\/boatstuning.com\/wp-content\/uploads\/2016\/07\/BoatsTuning_logo_web_5-01.svg\",\"contentUrl\":\"https:\/\/boatstuning.com\/wp-content\/uploads\/2016\/07\/BoatsTuning_logo_web_5-01.svg\",\"width\":1,\"height\":1,\"caption\":\"Boats&Tuning\"},\"image\":{\"@id\":\"https:\/\/boatstuning.com\/#\/schema\/logo\/image\/\"},\"sameAs\":[\"https:\/\/www.facebook.com\/Boats.Tuning\/\",\"https:\/\/www.instagram.com\/boats_tuning\/\"]}]}<\/script>\n<!-- \/ Yoast SEO plugin. -->","yoast_head_json":{"title":"Suport rotativ cu glisare Enson SS-P negru - Boats&amp;Tuning","robots":{"index":"index","follow":"follow","max-snippet":"max-snippet:-1","max-image-preview":"max-image-preview:large","max-video-preview":"max-video-preview:-1"},"canonical":"https:\/\/boatstuning.com\/ro\/produs\/swivel-slide-enson-ss-p-black\/","og_locale":"ro_RO","og_type":"article","og_title":"Suport rotativ cu glisare Enson SS-P negru - Boats&amp;Tuning","og_description":"Pretul include TVA  Enson SS-P suport rotativ cu glisare pentru scaun de barc\u0103  Pozi\u021bia ta la volan afecteaz\u0103 nu doar confortul, ci \u0219i siguran\u021ba naviga\u021biei, capacitatea de ac\u021biona rapid la o situa\u021bie anormal\u0103 brusc\u0103 \u00een timpul conduceri unei b\u0103rci.","og_url":"https:\/\/boatstuning.com\/ro\/produs\/swivel-slide-enson-ss-p-black\/","og_site_name":"Boats&amp;Tuning","article_publisher":"https:\/\/www.facebook.com\/Boats.Tuning\/","article_modified_time":"2024-02-08T12:34:34+00:00","og_image":[{"width":1000,"height":1000,"url":"https:\/\/boatstuning.com\/wp-content\/uploads\/2024\/01\/Enson-SS-P_black_07.webp","type":"image\/webp"}],"twitter_card":"summary_large_image","twitter_misc":{"Timp estimat pentru citire":"1 minut"},"schema":{"@context":"https:\/\/schema.org","@graph":[{"@type":"WebPage","@id":"https:\/\/boatstuning.com\/ro\/produs\/swivel-slide-enson-ss-p-black\/","url":"https:\/\/boatstuning.com\/ro\/produs\/swivel-slide-enson-ss-p-black\/","name":"Suport rotativ cu glisare Enson SS-P negru - Boats&amp;Tuning","isPartOf":{"@id":"https:\/\/boatstuning.com\/#website"},"primaryImageOfPage":{"@id":"https:\/\/boatstuning.com\/ro\/produs\/swivel-slide-enson-ss-p-black\/#primaryimage"},"image":{"@id":"https:\/\/boatstuning.com\/ro\/produs\/swivel-slide-enson-ss-p-black\/#primaryimage"},"thumbnailUrl":"https:\/\/boatstuning.com\/wp-content\/uploads\/2024\/01\/Enson-SS-P_black_07.webp","datePublished":"2024-01-28T10:50:07+00:00","dateModified":"2024-02-08T12:34:34+00:00","breadcrumb":{"@id":"https:\/\/boatstuning.com\/ro\/produs\/swivel-slide-enson-ss-p-black\/#breadcrumb"},"inLanguage":"ro-RO","potentialAction":[{"@type":"ReadAction","target":["https:\/\/boatstuning.com\/ro\/produs\/swivel-slide-enson-ss-p-black\/"]}]},{"@type":"ImageObject","inLanguage":"ro-RO","@id":"https:\/\/boatstuning.com\/ro\/produs\/swivel-slide-enson-ss-p-black\/#primaryimage","url":"https:\/\/boatstuning.com\/wp-content\/uploads\/2024\/01\/Enson-SS-P_black_07.webp","contentUrl":"https:\/\/boatstuning.com\/wp-content\/uploads\/2024\/01\/Enson-SS-P_black_07.webp","width":1000,"height":1000},{"@type":"BreadcrumbList","@id":"https:\/\/boatstuning.com\/ro\/produs\/swivel-slide-enson-ss-p-black\/#breadcrumb","itemListElement":[{"@type":"ListItem","position":1,"name":"Home","item":"https:\/\/boatstuning.com\/ro\/front-page\/"},{"@type":"ListItem","position":2,"name":"Magazin","item":"https:\/\/boatstuning.com\/ro\/magazin\/"},{"@type":"ListItem","position":3,"name":"Suport rotativ cu glisare Enson SS-P negru"}]},{"@type":"WebSite","@id":"https:\/\/boatstuning.com\/#website","url":"https:\/\/boatstuning.com\/","name":"Boats&Tuning","description":"V\u00e2nz\u0103ri \u0219i tuning b\u0103rci","publisher":{"@id":"https:\/\/boatstuning.com\/#organization"},"potentialAction":[{"@type":"SearchAction","target":{"@type":"EntryPoint","urlTemplate":"https:\/\/boatstuning.com\/?s={search_term_string}"},"query-input":{"@type":"PropertyValueSpecification","valueRequired":true,"valueName":"search_term_string"}}],"inLanguage":"ro-RO"},{"@type":"Organization","@id":"https:\/\/boatstuning.com\/#organization","name":"Boats&Tuning","url":"https:\/\/boatstuning.com\/","logo":{"@type":"ImageObject","inLanguage":"ro-RO","@id":"https:\/\/boatstuning.com\/#\/schema\/logo\/image\/","url":"https:\/\/boatstuning.com\/wp-content\/uploads\/2016\/07\/BoatsTuning_logo_web_5-01.svg","contentUrl":"https:\/\/boatstuning.com\/wp-content\/uploads\/2016\/07\/BoatsTuning_logo_web_5-01.svg","width":1,"height":1,"caption":"Boats&Tuning"},"image":{"@id":"https:\/\/boatstuning.com\/#\/schema\/logo\/image\/"},"sameAs":["https:\/\/www.facebook.com\/Boats.Tuning\/","https:\/\/www.instagram.com\/boats_tuning\/"]}]}},"_links":{"self":[{"href":"https:\/\/boatstuning.com\/ro\/wp-json\/wp\/v2\/product\/6916","targetHints":{"allow":["GET"]}}],"collection":[{"href":"https:\/\/boatstuning.com\/ro\/wp-json\/wp\/v2\/product"}],"about":[{"href":"https:\/\/boatstuning.com\/ro\/wp-json\/wp\/v2\/types\/product"}],"replies":[{"embeddable":true,"href":"https:\/\/boatstuning.com\/ro\/wp-json\/wp\/v2\/comments?post=6916"}],"wp:featuredmedia":[{"embeddable":true,"href":"https:\/\/boatstuning.com\/ro\/wp-json\/wp\/v2\/media\/6918"}],"wp:attachment":[{"href":"https:\/\/boatstuning.com\/ro\/wp-json\/wp\/v2\/media?parent=6916"}],"wp:term":[{"taxonomy":"product_brand","embeddable":true,"href":"https:\/\/boatstuning.com\/ro\/wp-json\/wp\/v2\/product_brand?post=6916"},{"taxonomy":"product_cat","embeddable":true,"href":"https:\/\/boatstuning.com\/ro\/wp-json\/wp\/v2\/product_cat?post=6916"},{"taxonomy":"product_tag","embeddable":true,"href":"https:\/\/boatstuning.com\/ro\/wp-json\/wp\/v2\/product_tag?post=6916"}],"curies":[{"name":"wp","href":"https:\/\/api.w.org\/{rel}","templated":true}]}}