{"id":5739,"date":"2023-11-21T18:57:57","date_gmt":"2023-11-21T16:57:57","guid":{"rendered":"https:\/\/boatstuning.com\/product\/barca-powerboat-475-sc-culoare-alba\/"},"modified":"2025-03-17T13:26:36","modified_gmt":"2025-03-17T11:26:36","slug":"barca-powerboat-475-sc-culoare-alba","status":"publish","type":"product","link":"https:\/\/boatstuning.com\/ro\/produs\/barca-powerboat-475-sc-culoare-alba\/","title":{"rendered":"Powerboat 475 SC White with Trailer"},"content":{"rendered":"<p>[vc_row][vc_column][vc_custom_heading text=&#8221;Specifica\u021bii&#8221; font_container=&#8221;tag:h4|text_align:left&#8221; use_theme_fonts=&#8221;yes&#8221; css=&#8221;.vc_custom_1700586847598{padding-top: 5px !important;}&#8221;][vc_empty_space height=&#8221;10&#8243;][vc_row_inner][vc_column_inner width=&#8221;1\/2&#8243; css=&#8221;.vc_custom_1700587316747{margin-top: -80px !important;}&#8221;][stm_tech_infos icon_size=&#8221;0&#8243;][stm_tech_info name=&#8221;Length&#8221; value=&#8221;4.75 m&#8221;][stm_tech_info name=&#8221;Beam&#8221; value=&#8221;1.84 m&#8221;][stm_tech_info name=&#8221;PERSONS&#8221; value=&#8221;4&#8243;][stm_tech_info name=&#8221;ENGINE&#8221; value=&#8221;25 &#8211; 60 HP&#8221;][stm_tech_info name=&#8221;LIVEWELL&#8221; value=&#8221;50 L&#8221;][stm_tech_info name=&#8221;ROD STORAGES (QUANTITY\/LENGTH)&#8221; value=&#8221;2\/2.2m; 2\/2.6m&#8221;][stm_tech_info name=&#8221;BOAT WEIGHT&#8221; value=&#8221;350 kg&#8221;][\/stm_tech_infos][\/vc_column_inner][vc_column_inner width=&#8221;1\/2&#8243; css=&#8221;.vc_custom_1700587324723{margin-top: -80px !important;}&#8221;][stm_tech_infos icon_size=&#8221;0&#8243;][stm_tech_info name=&#8221;WEIGHT CAPACITY&#8221; value=&#8221;390 kg&#8221;][stm_tech_info name=&#8221;DRAFT&#8221; value=&#8221;18 cm&#8221;][stm_tech_info name=&#8221;TRANSOM HEIGHT&#8221; value=&#8221;L (508mm)&#8221;][stm_tech_info name=&#8221;HULL MATERIAL&#8221; value=&#8221;AlMg4,5Mn(5083)&#8221;][stm_tech_info name=&#8221;HULL THICKNESS&#8221; value=&#8221;3 mm&#8221;][stm_tech_info name=&#8221;TRANSOM DEADRISE&#8221; value=&#8221;8\u00b0&#8221;][stm_tech_info name=&#8221;CATEGORY CE&#8221; value=&#8221;D&#8221;][\/stm_tech_infos][\/vc_column_inner][\/vc_row_inner][\/vc_column][\/vc_row][vc_row][vc_column][vc_empty_space height=&#8221;20px&#8221;][vc_custom_heading text=&#8221;Echipament de barca Powerboat 520 DC&#8221; font_container=&#8221;tag:h4|text_align:left&#8221; use_theme_fonts=&#8221;yes&#8221; css=&#8221;.vc_custom_1707993280696{padding-top: 5px !important;}&#8221;][vc_column_text]<\/p>\n<div class=\"wpb_column vc_column_container vc_col-sm-6\">\n<div class=\"vc_column-inner vc_custom_1673861102245\">\n<div class=\"wpb_wrapper\">\n<div class=\"wpb_text_column wpb_content_element \">\n<div class=\"wpb_wrapper\">\n<ul class=\"list-style-4\">\n<li>All-welded aluminium hull 3 mm thickness (5083 H111)<\/li>\n<li>Polyurethane painting on the external sides (color to choose)<\/li>\n<li>Raptor\u00ae wear-resistant painting on gunwale and transom<\/li>\n<li>Marine grade covering of cockpit, inner sides and decks (carpet\/vinyl)<\/li>\n<li>The bow deck dry starage compartment<\/li>\n<li>The big bow deck dry starage compartment with two lids<\/li>\n<li>50 l livewell with timer<\/li>\n<li>Command console on the port side<\/li>\n<\/ul>\n<\/div>\n<\/div>\n<\/div>\n<\/div>\n<\/div>\n<div class=\"wpb_column vc_column_container vc_col-sm-6\">\n<div class=\"vc_column-inner vc_custom_1673861109293\">\n<div class=\"wpb_wrapper\">\n<div class=\"wpb_text_column wpb_content_element \">\n<div class=\"wpb_wrapper\">\n<ul class=\"list-style-4\">\n<li>A storage for two rods 2.2 and 2.6 m long on the starboard<\/li>\n<li>A storage for two rods 2.2 and 2.6 m long on the port side<\/li>\n<li>Bilge pump<\/li>\n<li>Livewell pump<\/li>\n<li>Plastic hatch latches<\/li>\n<li>Four plastic mooring cleats<\/li>\n<li>Captain and passenger seats<\/li>\n<li>Storage compartments lighting<\/li>\n<li>Snap-in travel cover<\/li>\n<\/ul>\n<\/div>\n<\/div>\n<\/div>\n<\/div>\n<\/div>\n<p>[\/vc_column_text][vc_column_text]<\/p>\n<h4>Specifica\u021bia complet\u0103 a trusei<\/h4>\n<table width=\"440\">\n<tbody>\n<tr>\n<td colspan=\"4\" width=\"352\">Ambarcatiune Powerboat 475SC culoare alba<\/td>\n<td width=\"88\">10 870 \u20ac<\/td>\n<\/tr>\n<tr>\n<td colspan=\"4\">Husa de trasportare<\/td>\n<td>410 \u20ac<\/td>\n<\/tr>\n<tr>\n<td colspan=\"4\">Pachet inox<\/td>\n<td>310 \u20ac<\/td>\n<\/tr>\n<tr>\n<td><\/td>\n<td><\/td>\n<td colspan=\"2\">Total<\/td>\n<td>11 590 \u20ac<\/td>\n<\/tr>\n<tr>\n<td><\/td>\n<td><\/td>\n<td colspan=\"2\"><strong>Total cu TVA<\/strong><\/td>\n<td><strong>13 792 \u20ac<\/strong><\/td>\n<\/tr>\n<\/tbody>\n<\/table>\n<p>[\/vc_column_text][\/vc_column][\/vc_row][vc_row disable_element=&#8221;yes&#8221;][vc_column][vc_separator][vc_custom_heading text=&#8221;Vom fi bucuro\u0219i s\u0103 v\u0103 preg\u0103tim o ofert\u0103 cuprinz\u0103toare, incluz\u00e2nd motorul, remorca \u0219i echipamentul electric.&#8221; font_container=&#8221;tag:h4|text_align:left&#8221; use_theme_fonts=&#8221;yes&#8221;][vc_column_text]<\/p>\n<p>I am text block. Click edit button to change this text. Lorem ipsum dolor sit amet, consectetur adipiscing elit. Ut elit tellus, luctus nec ullamcorper mattis, pulvinar dapibus leo.<\/p>\n<p>[\/vc_column_text][\/vc_column][\/vc_row]<\/p>\n","protected":false},"excerpt":{"rendered":"<p>Pretul include TVA.<\/p>\n<p>Barca poate fi echipat\u0103 suplimentar cu motor de barc\u0103, peridoc, fishfinders, motor electric.<\/p>\n","protected":false},"featured_media":11206,"comment_status":"open","ping_status":"closed","template":"","meta":{"_uf_show_specific_survey":0,"_uf_disable_surveys":false},"product_brand":[],"product_cat":[173],"product_tag":[347],"class_list":{"0":"post-5739","1":"product","2":"type-product","3":"status-publish","4":"has-post-thumbnail","6":"product_cat-barci-in-stoc","7":"product_tag-powerboat-ro","9":"first","10":"instock","11":"sold-individually","12":"shipping-taxable","13":"purchasable","14":"product-type-simple"},"yoast_head":"<!-- This site is optimized with the Yoast SEO plugin v25.5 - https:\/\/yoast.com\/wordpress\/plugins\/seo\/ -->\n<title>Powerboat 475 SC White with Trailer - Boats&amp;Tuning<\/title>\n<meta name=\"robots\" content=\"index, follow, max-snippet:-1, max-image-preview:large, max-video-preview:-1\" \/>\n<link rel=\"canonical\" href=\"https:\/\/boatstuning.com\/ro\/produs\/barca-powerboat-475-sc-culoare-alba\/\" \/>\n<meta property=\"og:locale\" content=\"ro_RO\" \/>\n<meta property=\"og:type\" content=\"article\" \/>\n<meta property=\"og:title\" content=\"Powerboat 475 SC White with Trailer - Boats&amp;Tuning\" \/>\n<meta property=\"og:description\" content=\"Pretul include TVA.  Barca poate fi echipat\u0103 suplimentar cu motor de barc\u0103, peridoc, fishfinders, motor electric.\" \/>\n<meta property=\"og:url\" content=\"https:\/\/boatstuning.com\/ro\/produs\/barca-powerboat-475-sc-culoare-alba\/\" \/>\n<meta property=\"og:site_name\" content=\"Boats&amp;Tuning\" \/>\n<meta property=\"article:publisher\" content=\"https:\/\/www.facebook.com\/Boats.Tuning\/\" \/>\n<meta property=\"article:modified_time\" content=\"2025-03-17T11:26:36+00:00\" \/>\n<meta property=\"og:image\" content=\"https:\/\/boatstuning.com\/wp-content\/uploads\/2023\/11\/Lichidare-de-stoc-1.jpg\" \/>\n\t<meta property=\"og:image:width\" content=\"1920\" \/>\n\t<meta property=\"og:image:height\" content=\"1080\" \/>\n\t<meta property=\"og:image:type\" content=\"image\/jpeg\" \/>\n<meta name=\"twitter:card\" content=\"summary_large_image\" \/>\n<meta name=\"twitter:label1\" content=\"Timp estimat pentru citire\" \/>\n\t<meta name=\"twitter:data1\" content=\"1 minut\" \/>\n<script type=\"application\/ld+json\" class=\"yoast-schema-graph\">{\"@context\":\"https:\/\/schema.org\",\"@graph\":[{\"@type\":\"WebPage\",\"@id\":\"https:\/\/boatstuning.com\/ro\/produs\/barca-powerboat-475-sc-culoare-alba\/\",\"url\":\"https:\/\/boatstuning.com\/ro\/produs\/barca-powerboat-475-sc-culoare-alba\/\",\"name\":\"Powerboat 475 SC White with Trailer - Boats&amp;Tuning\",\"isPartOf\":{\"@id\":\"https:\/\/boatstuning.com\/#website\"},\"primaryImageOfPage\":{\"@id\":\"https:\/\/boatstuning.com\/ro\/produs\/barca-powerboat-475-sc-culoare-alba\/#primaryimage\"},\"image\":{\"@id\":\"https:\/\/boatstuning.com\/ro\/produs\/barca-powerboat-475-sc-culoare-alba\/#primaryimage\"},\"thumbnailUrl\":\"https:\/\/boatstuning.com\/wp-content\/uploads\/2023\/11\/Lichidare-de-stoc-1.jpg\",\"datePublished\":\"2023-11-21T16:57:57+00:00\",\"dateModified\":\"2025-03-17T11:26:36+00:00\",\"breadcrumb\":{\"@id\":\"https:\/\/boatstuning.com\/ro\/produs\/barca-powerboat-475-sc-culoare-alba\/#breadcrumb\"},\"inLanguage\":\"ro-RO\",\"potentialAction\":[{\"@type\":\"ReadAction\",\"target\":[\"https:\/\/boatstuning.com\/ro\/produs\/barca-powerboat-475-sc-culoare-alba\/\"]}]},{\"@type\":\"ImageObject\",\"inLanguage\":\"ro-RO\",\"@id\":\"https:\/\/boatstuning.com\/ro\/produs\/barca-powerboat-475-sc-culoare-alba\/#primaryimage\",\"url\":\"https:\/\/boatstuning.com\/wp-content\/uploads\/2023\/11\/Lichidare-de-stoc-1.jpg\",\"contentUrl\":\"https:\/\/boatstuning.com\/wp-content\/uploads\/2023\/11\/Lichidare-de-stoc-1.jpg\",\"width\":1920,\"height\":1080},{\"@type\":\"BreadcrumbList\",\"@id\":\"https:\/\/boatstuning.com\/ro\/produs\/barca-powerboat-475-sc-culoare-alba\/#breadcrumb\",\"itemListElement\":[{\"@type\":\"ListItem\",\"position\":1,\"name\":\"Home\",\"item\":\"https:\/\/boatstuning.com\/ro\/front-page\/\"},{\"@type\":\"ListItem\",\"position\":2,\"name\":\"Magazin\",\"item\":\"https:\/\/boatstuning.com\/ro\/magazin\/\"},{\"@type\":\"ListItem\",\"position\":3,\"name\":\"Powerboat 475 SC White with Trailer\"}]},{\"@type\":\"WebSite\",\"@id\":\"https:\/\/boatstuning.com\/#website\",\"url\":\"https:\/\/boatstuning.com\/\",\"name\":\"Boats&Tuning\",\"description\":\"V\u00e2nz\u0103ri \u0219i tuning b\u0103rci\",\"publisher\":{\"@id\":\"https:\/\/boatstuning.com\/#organization\"},\"potentialAction\":[{\"@type\":\"SearchAction\",\"target\":{\"@type\":\"EntryPoint\",\"urlTemplate\":\"https:\/\/boatstuning.com\/?s={search_term_string}\"},\"query-input\":{\"@type\":\"PropertyValueSpecification\",\"valueRequired\":true,\"valueName\":\"search_term_string\"}}],\"inLanguage\":\"ro-RO\"},{\"@type\":\"Organization\",\"@id\":\"https:\/\/boatstuning.com\/#organization\",\"name\":\"Boats&Tuning\",\"url\":\"https:\/\/boatstuning.com\/\",\"logo\":{\"@type\":\"ImageObject\",\"inLanguage\":\"ro-RO\",\"@id\":\"https:\/\/boatstuning.com\/#\/schema\/logo\/image\/\",\"url\":\"https:\/\/boatstuning.com\/wp-content\/uploads\/2016\/07\/BoatsTuning_logo_web_5-01.svg\",\"contentUrl\":\"https:\/\/boatstuning.com\/wp-content\/uploads\/2016\/07\/BoatsTuning_logo_web_5-01.svg\",\"width\":1,\"height\":1,\"caption\":\"Boats&Tuning\"},\"image\":{\"@id\":\"https:\/\/boatstuning.com\/#\/schema\/logo\/image\/\"},\"sameAs\":[\"https:\/\/www.facebook.com\/Boats.Tuning\/\",\"https:\/\/www.instagram.com\/boats_tuning\/\"]}]}<\/script>\n<!-- \/ Yoast SEO plugin. -->","yoast_head_json":{"title":"Powerboat 475 SC White with Trailer - Boats&amp;Tuning","robots":{"index":"index","follow":"follow","max-snippet":"max-snippet:-1","max-image-preview":"max-image-preview:large","max-video-preview":"max-video-preview:-1"},"canonical":"https:\/\/boatstuning.com\/ro\/produs\/barca-powerboat-475-sc-culoare-alba\/","og_locale":"ro_RO","og_type":"article","og_title":"Powerboat 475 SC White with Trailer - Boats&amp;Tuning","og_description":"Pretul include TVA.  Barca poate fi echipat\u0103 suplimentar cu motor de barc\u0103, peridoc, fishfinders, motor electric.","og_url":"https:\/\/boatstuning.com\/ro\/produs\/barca-powerboat-475-sc-culoare-alba\/","og_site_name":"Boats&amp;Tuning","article_publisher":"https:\/\/www.facebook.com\/Boats.Tuning\/","article_modified_time":"2025-03-17T11:26:36+00:00","og_image":[{"width":1920,"height":1080,"url":"https:\/\/boatstuning.com\/wp-content\/uploads\/2023\/11\/Lichidare-de-stoc-1.jpg","type":"image\/jpeg"}],"twitter_card":"summary_large_image","twitter_misc":{"Timp estimat pentru citire":"1 minut"},"schema":{"@context":"https:\/\/schema.org","@graph":[{"@type":"WebPage","@id":"https:\/\/boatstuning.com\/ro\/produs\/barca-powerboat-475-sc-culoare-alba\/","url":"https:\/\/boatstuning.com\/ro\/produs\/barca-powerboat-475-sc-culoare-alba\/","name":"Powerboat 475 SC White with Trailer - Boats&amp;Tuning","isPartOf":{"@id":"https:\/\/boatstuning.com\/#website"},"primaryImageOfPage":{"@id":"https:\/\/boatstuning.com\/ro\/produs\/barca-powerboat-475-sc-culoare-alba\/#primaryimage"},"image":{"@id":"https:\/\/boatstuning.com\/ro\/produs\/barca-powerboat-475-sc-culoare-alba\/#primaryimage"},"thumbnailUrl":"https:\/\/boatstuning.com\/wp-content\/uploads\/2023\/11\/Lichidare-de-stoc-1.jpg","datePublished":"2023-11-21T16:57:57+00:00","dateModified":"2025-03-17T11:26:36+00:00","breadcrumb":{"@id":"https:\/\/boatstuning.com\/ro\/produs\/barca-powerboat-475-sc-culoare-alba\/#breadcrumb"},"inLanguage":"ro-RO","potentialAction":[{"@type":"ReadAction","target":["https:\/\/boatstuning.com\/ro\/produs\/barca-powerboat-475-sc-culoare-alba\/"]}]},{"@type":"ImageObject","inLanguage":"ro-RO","@id":"https:\/\/boatstuning.com\/ro\/produs\/barca-powerboat-475-sc-culoare-alba\/#primaryimage","url":"https:\/\/boatstuning.com\/wp-content\/uploads\/2023\/11\/Lichidare-de-stoc-1.jpg","contentUrl":"https:\/\/boatstuning.com\/wp-content\/uploads\/2023\/11\/Lichidare-de-stoc-1.jpg","width":1920,"height":1080},{"@type":"BreadcrumbList","@id":"https:\/\/boatstuning.com\/ro\/produs\/barca-powerboat-475-sc-culoare-alba\/#breadcrumb","itemListElement":[{"@type":"ListItem","position":1,"name":"Home","item":"https:\/\/boatstuning.com\/ro\/front-page\/"},{"@type":"ListItem","position":2,"name":"Magazin","item":"https:\/\/boatstuning.com\/ro\/magazin\/"},{"@type":"ListItem","position":3,"name":"Powerboat 475 SC White with Trailer"}]},{"@type":"WebSite","@id":"https:\/\/boatstuning.com\/#website","url":"https:\/\/boatstuning.com\/","name":"Boats&Tuning","description":"V\u00e2nz\u0103ri \u0219i tuning b\u0103rci","publisher":{"@id":"https:\/\/boatstuning.com\/#organization"},"potentialAction":[{"@type":"SearchAction","target":{"@type":"EntryPoint","urlTemplate":"https:\/\/boatstuning.com\/?s={search_term_string}"},"query-input":{"@type":"PropertyValueSpecification","valueRequired":true,"valueName":"search_term_string"}}],"inLanguage":"ro-RO"},{"@type":"Organization","@id":"https:\/\/boatstuning.com\/#organization","name":"Boats&Tuning","url":"https:\/\/boatstuning.com\/","logo":{"@type":"ImageObject","inLanguage":"ro-RO","@id":"https:\/\/boatstuning.com\/#\/schema\/logo\/image\/","url":"https:\/\/boatstuning.com\/wp-content\/uploads\/2016\/07\/BoatsTuning_logo_web_5-01.svg","contentUrl":"https:\/\/boatstuning.com\/wp-content\/uploads\/2016\/07\/BoatsTuning_logo_web_5-01.svg","width":1,"height":1,"caption":"Boats&Tuning"},"image":{"@id":"https:\/\/boatstuning.com\/#\/schema\/logo\/image\/"},"sameAs":["https:\/\/www.facebook.com\/Boats.Tuning\/","https:\/\/www.instagram.com\/boats_tuning\/"]}]}},"_links":{"self":[{"href":"https:\/\/boatstuning.com\/ro\/wp-json\/wp\/v2\/product\/5739","targetHints":{"allow":["GET"]}}],"collection":[{"href":"https:\/\/boatstuning.com\/ro\/wp-json\/wp\/v2\/product"}],"about":[{"href":"https:\/\/boatstuning.com\/ro\/wp-json\/wp\/v2\/types\/product"}],"replies":[{"embeddable":true,"href":"https:\/\/boatstuning.com\/ro\/wp-json\/wp\/v2\/comments?post=5739"}],"wp:featuredmedia":[{"embeddable":true,"href":"https:\/\/boatstuning.com\/ro\/wp-json\/wp\/v2\/media\/11206"}],"wp:attachment":[{"href":"https:\/\/boatstuning.com\/ro\/wp-json\/wp\/v2\/media?parent=5739"}],"wp:term":[{"taxonomy":"product_brand","embeddable":true,"href":"https:\/\/boatstuning.com\/ro\/wp-json\/wp\/v2\/product_brand?post=5739"},{"taxonomy":"product_cat","embeddable":true,"href":"https:\/\/boatstuning.com\/ro\/wp-json\/wp\/v2\/product_cat?post=5739"},{"taxonomy":"product_tag","embeddable":true,"href":"https:\/\/boatstuning.com\/ro\/wp-json\/wp\/v2\/product_tag?post=5739"}],"curies":[{"name":"wp","href":"https:\/\/api.w.org\/{rel}","templated":true}]}}