{"id":3922,"date":"2023-02-22T14:27:28","date_gmt":"2023-02-22T14:27:28","guid":{"rendered":"https:\/\/boatstuning.com\/product\/battery-sh-lithium-12v20a\/"},"modified":"2025-02-05T09:56:27","modified_gmt":"2025-02-05T07:56:27","slug":"battery-sh-lithium-12v20a","status":"publish","type":"product","link":"https:\/\/boatstuning.com\/ro\/produs\/battery-sh-lithium-12v20a\/","title":{"rendered":"Battery SH-LITHIUM 12V20A"},"content":{"rendered":"<p>[vc_row][vc_column][vc_row_inner][vc_column_inner el_id=&#8221;1468238791521-8e8c0611-a354&#8243;][stm_tech_infos icon_size=&#8221;&#8221; css=&#8221;.vc_custom_1676729503018{margin-top: -30px !important;}&#8221;][stm_tech_info name=&#8221;Dimensions&#8221; value=&#8221;150 x 65 x 95 mm (L x W x H)&#8221;][stm_tech_info name=&#8221;Weight&#8221; value=&#8221;1 kg&#8221;][stm_tech_info name=&#8221;Voltage&#8221; value=&#8221;13.8 V&#8221;][stm_tech_info name=&#8221;Capacity&#8221; value=&#8221;20 Ah&#8221;][stm_tech_info name=&#8221;Curent de desc\u0103rcare continu\u0103&#8221; value=&#8221;5 A&#8221;][stm_tech_info name=&#8221;Discharge temperature&#8221; value=&#8221;-25 to +65 \u00b0C&#8221;][stm_tech_info name=&#8221;Charging temperature&#8221; value=&#8221;0 to 45 \u00b0C&#8221;][stm_tech_info name=&#8221;smart meter&#8221; value=&#8221;Built-in&#8221;][stm_tech_info name=&#8221;Assembled&#8221; value=&#8221;France&#8221;][stm_tech_info name=&#8221;Protection by BMS&#8221; value=&#8221;Yes&#8221;][stm_tech_info name=&#8221;Warranty&#8221; value=&#8221;5 years&#8221;][stm_tech_info name=&#8221;certification&#8221; value=&#8221;CE certification&#8221;][stm_tech_info name=&#8221;Anti-crush impact resistant&#8221; value=&#8221;Yes&#8221;][stm_tech_info name=&#8221;Regulated fishfinder output 13.8V 5A&#8221; value=&#8221;Yes&#8221;][\/stm_tech_infos][\/vc_column_inner][\/vc_row_inner][\/vc_column][\/vc_row]<\/p>\n","protected":false},"excerpt":{"rendered":"<p>SH-LITHIUM ofer\u0103 o gam\u0103 larg\u0103 de baterii litiu-ion care pot fi utilizate \u00een mai multe scopuri. Acest echipament v\u0103 ofer\u0103 o putere de 1000 de cicluri pentru mai multe ore. Sunt compacte, usoare si robuste. Bateriile SH-LITHIUM sunt folosite pentru a alimenta motoare electrice sau \u00eentrerup\u0103toare termice. BMS-urile interne sunt programate pentru a permite desc\u0103rcarea 100%.<br \/>\nDe asemenea, asigur\u0103m utilizarea plug and play \u00een siguran\u021b\u0103 a bateriilor dedicate. Toate bateriile SH-LITHIUM sunt rezistente la \u0219ocuri, f\u0103c\u00e2ndu-le ideale pentru pescuit, camping sau pe barca ta. Pot fi folosite pentru alimentarea computerelor, telefoanelor, rulotelor etc.<\/p>\n","protected":false},"featured_media":3775,"comment_status":"open","ping_status":"closed","template":"","meta":{"_uf_show_specific_survey":0,"_uf_disable_surveys":false},"product_brand":[],"product_cat":[672,677],"product_tag":[206,204,218],"class_list":{"0":"post-3922","1":"product","2":"type-product","3":"status-publish","4":"has-post-thumbnail","6":"product_cat-baterii","7":"product_cat-sh-lithium-ro","8":"product_tag-baterii","9":"product_tag-lifepo4-ro","10":"product_tag-sh-lithium-ro","12":"first","13":"instock","14":"sold-individually","15":"shipping-taxable","16":"purchasable","17":"product-type-simple"},"yoast_head":"<!-- This site is optimized with the Yoast SEO plugin v25.5 - https:\/\/yoast.com\/wordpress\/plugins\/seo\/ -->\n<title>Battery SH-LITHIUM 12V20A - Boats&amp;Tuning<\/title>\n<meta name=\"robots\" content=\"index, follow, max-snippet:-1, max-image-preview:large, max-video-preview:-1\" \/>\n<link rel=\"canonical\" href=\"https:\/\/boatstuning.com\/ro\/produs\/battery-sh-lithium-12v20a\/\" \/>\n<meta property=\"og:locale\" content=\"ro_RO\" \/>\n<meta property=\"og:type\" content=\"article\" \/>\n<meta property=\"og:title\" content=\"Battery SH-LITHIUM 12V20A - Boats&amp;Tuning\" \/>\n<meta property=\"og:description\" content=\"SH-LITHIUM ofer\u0103 o gam\u0103 larg\u0103 de baterii litiu-ion care pot fi utilizate \u00een mai multe scopuri. Acest echipament v\u0103 ofer\u0103 o putere de 1000 de cicluri pentru mai multe ore. Sunt compacte, usoare si robuste. Bateriile SH-LITHIUM sunt folosite pentru a alimenta motoare electrice sau \u00eentrerup\u0103toare termice. BMS-urile interne sunt programate pentru a permite desc\u0103rcarea 100%. De asemenea, asigur\u0103m utilizarea plug and play \u00een siguran\u021b\u0103 a bateriilor dedicate. Toate bateriile SH-LITHIUM sunt rezistente la \u0219ocuri, f\u0103c\u00e2ndu-le ideale pentru pescuit, camping sau pe barca ta. Pot fi folosite pentru alimentarea computerelor, telefoanelor, rulotelor etc.\" \/>\n<meta property=\"og:url\" content=\"https:\/\/boatstuning.com\/ro\/produs\/battery-sh-lithium-12v20a\/\" \/>\n<meta property=\"og:site_name\" content=\"Boats&amp;Tuning\" \/>\n<meta property=\"article:publisher\" content=\"https:\/\/www.facebook.com\/Boats.Tuning\/\" \/>\n<meta property=\"article:modified_time\" content=\"2025-02-05T07:56:27+00:00\" \/>\n<meta property=\"og:image\" content=\"https:\/\/boatstuning.com\/wp-content\/uploads\/2023\/02\/Batterie-12V20A-1.jpg\" \/>\n\t<meta property=\"og:image:width\" content=\"350\" \/>\n\t<meta property=\"og:image:height\" content=\"300\" \/>\n\t<meta property=\"og:image:type\" content=\"image\/jpeg\" \/>\n<meta name=\"twitter:card\" content=\"summary_large_image\" \/>\n<meta name=\"twitter:label1\" content=\"Timp estimat pentru citire\" \/>\n\t<meta name=\"twitter:data1\" content=\"1 minut\" \/>\n<script type=\"application\/ld+json\" class=\"yoast-schema-graph\">{\"@context\":\"https:\/\/schema.org\",\"@graph\":[{\"@type\":\"WebPage\",\"@id\":\"https:\/\/boatstuning.com\/ro\/produs\/battery-sh-lithium-12v20a\/\",\"url\":\"https:\/\/boatstuning.com\/ro\/produs\/battery-sh-lithium-12v20a\/\",\"name\":\"Battery SH-LITHIUM 12V20A - Boats&amp;Tuning\",\"isPartOf\":{\"@id\":\"https:\/\/boatstuning.com\/#website\"},\"primaryImageOfPage\":{\"@id\":\"https:\/\/boatstuning.com\/ro\/produs\/battery-sh-lithium-12v20a\/#primaryimage\"},\"image\":{\"@id\":\"https:\/\/boatstuning.com\/ro\/produs\/battery-sh-lithium-12v20a\/#primaryimage\"},\"thumbnailUrl\":\"https:\/\/boatstuning.com\/wp-content\/uploads\/2023\/02\/Batterie-12V20A-1.jpg\",\"datePublished\":\"2023-02-22T14:27:28+00:00\",\"dateModified\":\"2025-02-05T07:56:27+00:00\",\"breadcrumb\":{\"@id\":\"https:\/\/boatstuning.com\/ro\/produs\/battery-sh-lithium-12v20a\/#breadcrumb\"},\"inLanguage\":\"ro-RO\",\"potentialAction\":[{\"@type\":\"ReadAction\",\"target\":[\"https:\/\/boatstuning.com\/ro\/produs\/battery-sh-lithium-12v20a\/\"]}]},{\"@type\":\"ImageObject\",\"inLanguage\":\"ro-RO\",\"@id\":\"https:\/\/boatstuning.com\/ro\/produs\/battery-sh-lithium-12v20a\/#primaryimage\",\"url\":\"https:\/\/boatstuning.com\/wp-content\/uploads\/2023\/02\/Batterie-12V20A-1.jpg\",\"contentUrl\":\"https:\/\/boatstuning.com\/wp-content\/uploads\/2023\/02\/Batterie-12V20A-1.jpg\",\"width\":350,\"height\":300},{\"@type\":\"BreadcrumbList\",\"@id\":\"https:\/\/boatstuning.com\/ro\/produs\/battery-sh-lithium-12v20a\/#breadcrumb\",\"itemListElement\":[{\"@type\":\"ListItem\",\"position\":1,\"name\":\"Home\",\"item\":\"https:\/\/boatstuning.com\/ro\/front-page\/\"},{\"@type\":\"ListItem\",\"position\":2,\"name\":\"Magazin\",\"item\":\"https:\/\/boatstuning.com\/ro\/magazin\/\"},{\"@type\":\"ListItem\",\"position\":3,\"name\":\"Battery SH-LITHIUM 12V20A\"}]},{\"@type\":\"WebSite\",\"@id\":\"https:\/\/boatstuning.com\/#website\",\"url\":\"https:\/\/boatstuning.com\/\",\"name\":\"Boats&Tuning\",\"description\":\"V\u00e2nz\u0103ri \u0219i tuning b\u0103rci\",\"publisher\":{\"@id\":\"https:\/\/boatstuning.com\/#organization\"},\"potentialAction\":[{\"@type\":\"SearchAction\",\"target\":{\"@type\":\"EntryPoint\",\"urlTemplate\":\"https:\/\/boatstuning.com\/?s={search_term_string}\"},\"query-input\":{\"@type\":\"PropertyValueSpecification\",\"valueRequired\":true,\"valueName\":\"search_term_string\"}}],\"inLanguage\":\"ro-RO\"},{\"@type\":\"Organization\",\"@id\":\"https:\/\/boatstuning.com\/#organization\",\"name\":\"Boats&Tuning\",\"url\":\"https:\/\/boatstuning.com\/\",\"logo\":{\"@type\":\"ImageObject\",\"inLanguage\":\"ro-RO\",\"@id\":\"https:\/\/boatstuning.com\/#\/schema\/logo\/image\/\",\"url\":\"https:\/\/boatstuning.com\/wp-content\/uploads\/2016\/07\/BoatsTuning_logo_web_5-01.svg\",\"contentUrl\":\"https:\/\/boatstuning.com\/wp-content\/uploads\/2016\/07\/BoatsTuning_logo_web_5-01.svg\",\"width\":1,\"height\":1,\"caption\":\"Boats&Tuning\"},\"image\":{\"@id\":\"https:\/\/boatstuning.com\/#\/schema\/logo\/image\/\"},\"sameAs\":[\"https:\/\/www.facebook.com\/Boats.Tuning\/\",\"https:\/\/www.instagram.com\/boats_tuning\/\"]}]}<\/script>\n<!-- \/ Yoast SEO plugin. -->","yoast_head_json":{"title":"Battery SH-LITHIUM 12V20A - Boats&amp;Tuning","robots":{"index":"index","follow":"follow","max-snippet":"max-snippet:-1","max-image-preview":"max-image-preview:large","max-video-preview":"max-video-preview:-1"},"canonical":"https:\/\/boatstuning.com\/ro\/produs\/battery-sh-lithium-12v20a\/","og_locale":"ro_RO","og_type":"article","og_title":"Battery SH-LITHIUM 12V20A - Boats&amp;Tuning","og_description":"SH-LITHIUM ofer\u0103 o gam\u0103 larg\u0103 de baterii litiu-ion care pot fi utilizate \u00een mai multe scopuri. Acest echipament v\u0103 ofer\u0103 o putere de 1000 de cicluri pentru mai multe ore. Sunt compacte, usoare si robuste. Bateriile SH-LITHIUM sunt folosite pentru a alimenta motoare electrice sau \u00eentrerup\u0103toare termice. BMS-urile interne sunt programate pentru a permite desc\u0103rcarea 100%. De asemenea, asigur\u0103m utilizarea plug and play \u00een siguran\u021b\u0103 a bateriilor dedicate. Toate bateriile SH-LITHIUM sunt rezistente la \u0219ocuri, f\u0103c\u00e2ndu-le ideale pentru pescuit, camping sau pe barca ta. Pot fi folosite pentru alimentarea computerelor, telefoanelor, rulotelor etc.","og_url":"https:\/\/boatstuning.com\/ro\/produs\/battery-sh-lithium-12v20a\/","og_site_name":"Boats&amp;Tuning","article_publisher":"https:\/\/www.facebook.com\/Boats.Tuning\/","article_modified_time":"2025-02-05T07:56:27+00:00","og_image":[{"width":350,"height":300,"url":"https:\/\/boatstuning.com\/wp-content\/uploads\/2023\/02\/Batterie-12V20A-1.jpg","type":"image\/jpeg"}],"twitter_card":"summary_large_image","twitter_misc":{"Timp estimat pentru citire":"1 minut"},"schema":{"@context":"https:\/\/schema.org","@graph":[{"@type":"WebPage","@id":"https:\/\/boatstuning.com\/ro\/produs\/battery-sh-lithium-12v20a\/","url":"https:\/\/boatstuning.com\/ro\/produs\/battery-sh-lithium-12v20a\/","name":"Battery SH-LITHIUM 12V20A - Boats&amp;Tuning","isPartOf":{"@id":"https:\/\/boatstuning.com\/#website"},"primaryImageOfPage":{"@id":"https:\/\/boatstuning.com\/ro\/produs\/battery-sh-lithium-12v20a\/#primaryimage"},"image":{"@id":"https:\/\/boatstuning.com\/ro\/produs\/battery-sh-lithium-12v20a\/#primaryimage"},"thumbnailUrl":"https:\/\/boatstuning.com\/wp-content\/uploads\/2023\/02\/Batterie-12V20A-1.jpg","datePublished":"2023-02-22T14:27:28+00:00","dateModified":"2025-02-05T07:56:27+00:00","breadcrumb":{"@id":"https:\/\/boatstuning.com\/ro\/produs\/battery-sh-lithium-12v20a\/#breadcrumb"},"inLanguage":"ro-RO","potentialAction":[{"@type":"ReadAction","target":["https:\/\/boatstuning.com\/ro\/produs\/battery-sh-lithium-12v20a\/"]}]},{"@type":"ImageObject","inLanguage":"ro-RO","@id":"https:\/\/boatstuning.com\/ro\/produs\/battery-sh-lithium-12v20a\/#primaryimage","url":"https:\/\/boatstuning.com\/wp-content\/uploads\/2023\/02\/Batterie-12V20A-1.jpg","contentUrl":"https:\/\/boatstuning.com\/wp-content\/uploads\/2023\/02\/Batterie-12V20A-1.jpg","width":350,"height":300},{"@type":"BreadcrumbList","@id":"https:\/\/boatstuning.com\/ro\/produs\/battery-sh-lithium-12v20a\/#breadcrumb","itemListElement":[{"@type":"ListItem","position":1,"name":"Home","item":"https:\/\/boatstuning.com\/ro\/front-page\/"},{"@type":"ListItem","position":2,"name":"Magazin","item":"https:\/\/boatstuning.com\/ro\/magazin\/"},{"@type":"ListItem","position":3,"name":"Battery SH-LITHIUM 12V20A"}]},{"@type":"WebSite","@id":"https:\/\/boatstuning.com\/#website","url":"https:\/\/boatstuning.com\/","name":"Boats&Tuning","description":"V\u00e2nz\u0103ri \u0219i tuning b\u0103rci","publisher":{"@id":"https:\/\/boatstuning.com\/#organization"},"potentialAction":[{"@type":"SearchAction","target":{"@type":"EntryPoint","urlTemplate":"https:\/\/boatstuning.com\/?s={search_term_string}"},"query-input":{"@type":"PropertyValueSpecification","valueRequired":true,"valueName":"search_term_string"}}],"inLanguage":"ro-RO"},{"@type":"Organization","@id":"https:\/\/boatstuning.com\/#organization","name":"Boats&Tuning","url":"https:\/\/boatstuning.com\/","logo":{"@type":"ImageObject","inLanguage":"ro-RO","@id":"https:\/\/boatstuning.com\/#\/schema\/logo\/image\/","url":"https:\/\/boatstuning.com\/wp-content\/uploads\/2016\/07\/BoatsTuning_logo_web_5-01.svg","contentUrl":"https:\/\/boatstuning.com\/wp-content\/uploads\/2016\/07\/BoatsTuning_logo_web_5-01.svg","width":1,"height":1,"caption":"Boats&Tuning"},"image":{"@id":"https:\/\/boatstuning.com\/#\/schema\/logo\/image\/"},"sameAs":["https:\/\/www.facebook.com\/Boats.Tuning\/","https:\/\/www.instagram.com\/boats_tuning\/"]}]}},"_links":{"self":[{"href":"https:\/\/boatstuning.com\/ro\/wp-json\/wp\/v2\/product\/3922","targetHints":{"allow":["GET"]}}],"collection":[{"href":"https:\/\/boatstuning.com\/ro\/wp-json\/wp\/v2\/product"}],"about":[{"href":"https:\/\/boatstuning.com\/ro\/wp-json\/wp\/v2\/types\/product"}],"replies":[{"embeddable":true,"href":"https:\/\/boatstuning.com\/ro\/wp-json\/wp\/v2\/comments?post=3922"}],"wp:featuredmedia":[{"embeddable":true,"href":"https:\/\/boatstuning.com\/ro\/wp-json\/wp\/v2\/media\/3775"}],"wp:attachment":[{"href":"https:\/\/boatstuning.com\/ro\/wp-json\/wp\/v2\/media?parent=3922"}],"wp:term":[{"taxonomy":"product_brand","embeddable":true,"href":"https:\/\/boatstuning.com\/ro\/wp-json\/wp\/v2\/product_brand?post=3922"},{"taxonomy":"product_cat","embeddable":true,"href":"https:\/\/boatstuning.com\/ro\/wp-json\/wp\/v2\/product_cat?post=3922"},{"taxonomy":"product_tag","embeddable":true,"href":"https:\/\/boatstuning.com\/ro\/wp-json\/wp\/v2\/product_tag?post=3922"}],"curies":[{"name":"wp","href":"https:\/\/api.w.org\/{rel}","templated":true}]}}