{"id":3917,"date":"2023-02-28T15:06:24","date_gmt":"2023-02-28T13:06:24","guid":{"rendered":"https:\/\/boatstuning.com\/product\/powerboat-470tl-peridoc-bt750-led\/"},"modified":"2024-02-15T15:33:51","modified_gmt":"2024-02-15T13:33:51","slug":"powerboat-470tl-peridoc-bt750-led","status":"publish","type":"product","link":"https:\/\/boatstuning.com\/ro\/produs\/powerboat-470tl-peridoc-bt750-led\/","title":{"rendered":"Powerboat 470Tiller gri"},"content":{"rendered":"<p>[vc_row][vc_column][vc_column_text]<\/p>\n<h4>Specifica\u021bia complet\u0103 al b\u0103rcii<\/h4>\n<table width=\"440\">\n<tbody>\n<tr>\n<td colspan=\"4\" width=\"352\">Ambarcatiune Powerboat 470TL culoare gri<\/td>\n<td style=\"text-align: right;\" width=\"88\">12 500 \u20ac<\/td>\n<\/tr>\n<tr>\n<td style=\"text-align: left;\" colspan=\"4\">Husa de trasportare<\/td>\n<td style=\"text-align: right;\">410 \u20ac<\/td>\n<\/tr>\n<tr>\n<td><\/td>\n<td><\/td>\n<td style=\"text-align: right;\" colspan=\"2\">Total<\/td>\n<td style=\"text-align: right;\">12 910 \u20ac<\/td>\n<\/tr>\n<tr>\n<td><\/td>\n<td><\/td>\n<td style=\"text-align: right;\" colspan=\"2\"><strong>Total cu TVA<\/strong><\/td>\n<td style=\"text-align: right;\"><strong>15 362 \u20ac<\/strong><\/td>\n<\/tr>\n<\/tbody>\n<\/table>\n<p>[\/vc_column_text][vc_gallery interval=&#8221;3&#8243; images=&#8221;3827,3817,3822,3818,3819,3820,3821,3823,3824,3826,3825&#8243; img_size=&#8221;full&#8221;][\/vc_column][\/vc_row][vc_row][vc_column][vc_custom_heading text=&#8221;Echipament de barca Powerboat 470 Tiller&#8221; font_container=&#8221;tag:h4|text_align:left&#8221; use_theme_fonts=&#8221;yes&#8221; css=&#8221;.vc_custom_1682589350056{padding-top: 5px !important;}&#8221;][vc_column_text]<\/p>\n<div class=\"wpb_column vc_column_container vc_col-sm-6\">\n<div class=\"vc_column-inner vc_custom_1673861102245\">\n<div class=\"wpb_wrapper\">\n<div class=\"wpb_text_column wpb_content_element \">\n<div class=\"wpb_wrapper\">\n<ul class=\"list-style-4\">\n<li>All-welded aluminium hull 3 mm thickness (5083 H111)<\/li>\n<li>Polyurethane painting on the external sides (color to choose)<\/li>\n<li>Raptor\u00ae wear-resistant painting on gunwale and transom<\/li>\n<li>Marine grade covering of cockpit, inner sides and decks (carpet\/vinyl)<\/li>\n<li>The bow deck dry starage compartment<\/li>\n<li>The big bow deck dry starage compartment with two lids<\/li>\n<li>50 l livewell with timer<\/li>\n<li>Niches for things in the cockpit<\/li>\n<li>Command console on the port side<\/li>\n<li>A storage for two rods 2.4 and 2.7 m long on the starboard<\/li>\n<\/ul>\n<\/div>\n<\/div>\n<\/div>\n<\/div>\n<\/div>\n<div class=\"wpb_column vc_column_container vc_col-sm-6\">\n<div class=\"vc_column-inner vc_custom_1673861109293\">\n<div class=\"wpb_wrapper\">\n<div class=\"wpb_text_column wpb_content_element \">\n<div class=\"wpb_wrapper\">\n<ul class=\"list-style-4\">\n<li>A storage for two rods 2.4 and 2.7 m long on the port side<\/li>\n<li>The aft deck storage compartment<\/li>\n<li>Bilge pump<\/li>\n<li>Livewell pump<\/li>\n<li>On-board navigation lights<\/li>\n<li>Plastic hatch latches<\/li>\n<li>Four stainless steel mooring cleats<\/li>\n<li>Captain and passenger seats<\/li>\n<li>Storage compartments lighting<\/li>\n<li>Snap-in travel cover<\/li>\n<\/ul>\n<\/div>\n<\/div>\n<\/div>\n<\/div>\n<\/div>\n<p>[\/vc_column_text][\/vc_column][\/vc_row][vc_row disable_element=&#8221;yes&#8221;][vc_column][vc_separator][vc_custom_heading text=&#8221;Vom fi bucuro\u0219i s\u0103 v\u0103 preg\u0103tim o ofert\u0103 cuprinz\u0103toare, incluz\u00e2nd motorul, remorca \u0219i echipamentul electric.<br \/>\n&#8221; font_container=&#8221;tag:h4|text_align:left&#8221; use_theme_fonts=&#8221;yes&#8221;][vc_column_text]Da\u021bi clic pentru a afla mai multe despre fiecare produs.<\/p>\n<p>&nbsp;<\/p>\n<div class=\"wpb_text_column wpb_content_element \">\n<div class=\"wpb_wrapper\">\n<p><span class=\"stm-small-text\">* \u2013 F\u0103r\u0103 TVA<\/span><\/p>\n<\/div>\n<\/div>\n<p>[\/vc_column_text][vc_empty_space][\/vc_column][\/vc_row]<\/p>\n","protected":false},"excerpt":{"rendered":"<p>Pretul include TVA.<\/p>\n","protected":false},"featured_media":11194,"comment_status":"open","ping_status":"closed","template":"","meta":{"_uf_show_specific_survey":0,"_uf_disable_surveys":false},"product_brand":[],"product_cat":[173],"product_tag":[],"class_list":{"0":"post-3917","1":"product","2":"type-product","3":"status-publish","4":"has-post-thumbnail","6":"product_cat-barci-in-stoc","8":"first","9":"instock","10":"sold-individually","11":"shipping-taxable","12":"purchasable","13":"product-type-simple"},"yoast_head":"<!-- This site is optimized with the Yoast SEO plugin v25.5 - https:\/\/yoast.com\/wordpress\/plugins\/seo\/ -->\n<title>Powerboat 470Tiller gri - Boats&amp;Tuning<\/title>\n<meta name=\"robots\" content=\"index, follow, max-snippet:-1, max-image-preview:large, max-video-preview:-1\" \/>\n<link rel=\"canonical\" href=\"https:\/\/boatstuning.com\/ro\/produs\/powerboat-470tl-peridoc-bt750-led\/\" \/>\n<meta property=\"og:locale\" content=\"ro_RO\" \/>\n<meta property=\"og:type\" content=\"article\" \/>\n<meta property=\"og:title\" content=\"Powerboat 470Tiller gri - Boats&amp;Tuning\" \/>\n<meta property=\"og:description\" content=\"Pretul include TVA.\" \/>\n<meta property=\"og:url\" content=\"https:\/\/boatstuning.com\/ro\/produs\/powerboat-470tl-peridoc-bt750-led\/\" \/>\n<meta property=\"og:site_name\" content=\"Boats&amp;Tuning\" \/>\n<meta property=\"article:publisher\" content=\"https:\/\/www.facebook.com\/Boats.Tuning\/\" \/>\n<meta property=\"article:modified_time\" content=\"2024-02-15T13:33:51+00:00\" \/>\n<meta property=\"og:image\" content=\"https:\/\/boatstuning.com\/wp-content\/uploads\/2023\/02\/Stock-Powerboat-470tl_12.webp\" \/>\n\t<meta property=\"og:image:width\" content=\"1092\" \/>\n\t<meta property=\"og:image:height\" content=\"728\" \/>\n\t<meta property=\"og:image:type\" content=\"image\/webp\" \/>\n<meta name=\"twitter:card\" content=\"summary_large_image\" \/>\n<meta name=\"twitter:label1\" content=\"Timp estimat pentru citire\" \/>\n\t<meta name=\"twitter:data1\" content=\"1 minut\" \/>\n<script type=\"application\/ld+json\" class=\"yoast-schema-graph\">{\"@context\":\"https:\/\/schema.org\",\"@graph\":[{\"@type\":\"WebPage\",\"@id\":\"https:\/\/boatstuning.com\/ro\/produs\/powerboat-470tl-peridoc-bt750-led\/\",\"url\":\"https:\/\/boatstuning.com\/ro\/produs\/powerboat-470tl-peridoc-bt750-led\/\",\"name\":\"Powerboat 470Tiller gri - Boats&amp;Tuning\",\"isPartOf\":{\"@id\":\"https:\/\/boatstuning.com\/#website\"},\"primaryImageOfPage\":{\"@id\":\"https:\/\/boatstuning.com\/ro\/produs\/powerboat-470tl-peridoc-bt750-led\/#primaryimage\"},\"image\":{\"@id\":\"https:\/\/boatstuning.com\/ro\/produs\/powerboat-470tl-peridoc-bt750-led\/#primaryimage\"},\"thumbnailUrl\":\"https:\/\/boatstuning.com\/wp-content\/uploads\/2023\/02\/Lichidare-de-stoc-4.jpg\",\"datePublished\":\"2023-02-28T13:06:24+00:00\",\"dateModified\":\"2024-02-15T13:33:51+00:00\",\"breadcrumb\":{\"@id\":\"https:\/\/boatstuning.com\/ro\/produs\/powerboat-470tl-peridoc-bt750-led\/#breadcrumb\"},\"inLanguage\":\"ro-RO\",\"potentialAction\":[{\"@type\":\"ReadAction\",\"target\":[\"https:\/\/boatstuning.com\/ro\/produs\/powerboat-470tl-peridoc-bt750-led\/\"]}]},{\"@type\":\"ImageObject\",\"inLanguage\":\"ro-RO\",\"@id\":\"https:\/\/boatstuning.com\/ro\/produs\/powerboat-470tl-peridoc-bt750-led\/#primaryimage\",\"url\":\"https:\/\/boatstuning.com\/wp-content\/uploads\/2023\/02\/Lichidare-de-stoc-4.jpg\",\"contentUrl\":\"https:\/\/boatstuning.com\/wp-content\/uploads\/2023\/02\/Lichidare-de-stoc-4.jpg\",\"width\":1920,\"height\":1080},{\"@type\":\"BreadcrumbList\",\"@id\":\"https:\/\/boatstuning.com\/ro\/produs\/powerboat-470tl-peridoc-bt750-led\/#breadcrumb\",\"itemListElement\":[{\"@type\":\"ListItem\",\"position\":1,\"name\":\"Home\",\"item\":\"https:\/\/boatstuning.com\/ro\/front-page\/\"},{\"@type\":\"ListItem\",\"position\":2,\"name\":\"Magazin\",\"item\":\"https:\/\/boatstuning.com\/ro\/magazin\/\"},{\"@type\":\"ListItem\",\"position\":3,\"name\":\"Powerboat 470Tiller gri\"}]},{\"@type\":\"WebSite\",\"@id\":\"https:\/\/boatstuning.com\/#website\",\"url\":\"https:\/\/boatstuning.com\/\",\"name\":\"Boats&Tuning\",\"description\":\"V\u00e2nz\u0103ri \u0219i tuning b\u0103rci\",\"publisher\":{\"@id\":\"https:\/\/boatstuning.com\/#organization\"},\"potentialAction\":[{\"@type\":\"SearchAction\",\"target\":{\"@type\":\"EntryPoint\",\"urlTemplate\":\"https:\/\/boatstuning.com\/?s={search_term_string}\"},\"query-input\":{\"@type\":\"PropertyValueSpecification\",\"valueRequired\":true,\"valueName\":\"search_term_string\"}}],\"inLanguage\":\"ro-RO\"},{\"@type\":\"Organization\",\"@id\":\"https:\/\/boatstuning.com\/#organization\",\"name\":\"Boats&Tuning\",\"url\":\"https:\/\/boatstuning.com\/\",\"logo\":{\"@type\":\"ImageObject\",\"inLanguage\":\"ro-RO\",\"@id\":\"https:\/\/boatstuning.com\/#\/schema\/logo\/image\/\",\"url\":\"https:\/\/boatstuning.com\/wp-content\/uploads\/2016\/07\/BoatsTuning_logo_web_5-01.svg\",\"contentUrl\":\"https:\/\/boatstuning.com\/wp-content\/uploads\/2016\/07\/BoatsTuning_logo_web_5-01.svg\",\"width\":1,\"height\":1,\"caption\":\"Boats&Tuning\"},\"image\":{\"@id\":\"https:\/\/boatstuning.com\/#\/schema\/logo\/image\/\"},\"sameAs\":[\"https:\/\/www.facebook.com\/Boats.Tuning\/\",\"https:\/\/www.instagram.com\/boats_tuning\/\"]}]}<\/script>\n<!-- \/ Yoast SEO plugin. -->","yoast_head_json":{"title":"Powerboat 470Tiller gri - Boats&amp;Tuning","robots":{"index":"index","follow":"follow","max-snippet":"max-snippet:-1","max-image-preview":"max-image-preview:large","max-video-preview":"max-video-preview:-1"},"canonical":"https:\/\/boatstuning.com\/ro\/produs\/powerboat-470tl-peridoc-bt750-led\/","og_locale":"ro_RO","og_type":"article","og_title":"Powerboat 470Tiller gri - Boats&amp;Tuning","og_description":"Pretul include TVA.","og_url":"https:\/\/boatstuning.com\/ro\/produs\/powerboat-470tl-peridoc-bt750-led\/","og_site_name":"Boats&amp;Tuning","article_publisher":"https:\/\/www.facebook.com\/Boats.Tuning\/","article_modified_time":"2024-02-15T13:33:51+00:00","og_image":[{"width":1092,"height":728,"url":"https:\/\/boatstuning.com\/wp-content\/uploads\/2023\/02\/Stock-Powerboat-470tl_12.webp","type":"image\/webp"}],"twitter_card":"summary_large_image","twitter_misc":{"Timp estimat pentru citire":"1 minut"},"schema":{"@context":"https:\/\/schema.org","@graph":[{"@type":"WebPage","@id":"https:\/\/boatstuning.com\/ro\/produs\/powerboat-470tl-peridoc-bt750-led\/","url":"https:\/\/boatstuning.com\/ro\/produs\/powerboat-470tl-peridoc-bt750-led\/","name":"Powerboat 470Tiller gri - Boats&amp;Tuning","isPartOf":{"@id":"https:\/\/boatstuning.com\/#website"},"primaryImageOfPage":{"@id":"https:\/\/boatstuning.com\/ro\/produs\/powerboat-470tl-peridoc-bt750-led\/#primaryimage"},"image":{"@id":"https:\/\/boatstuning.com\/ro\/produs\/powerboat-470tl-peridoc-bt750-led\/#primaryimage"},"thumbnailUrl":"https:\/\/boatstuning.com\/wp-content\/uploads\/2023\/02\/Lichidare-de-stoc-4.jpg","datePublished":"2023-02-28T13:06:24+00:00","dateModified":"2024-02-15T13:33:51+00:00","breadcrumb":{"@id":"https:\/\/boatstuning.com\/ro\/produs\/powerboat-470tl-peridoc-bt750-led\/#breadcrumb"},"inLanguage":"ro-RO","potentialAction":[{"@type":"ReadAction","target":["https:\/\/boatstuning.com\/ro\/produs\/powerboat-470tl-peridoc-bt750-led\/"]}]},{"@type":"ImageObject","inLanguage":"ro-RO","@id":"https:\/\/boatstuning.com\/ro\/produs\/powerboat-470tl-peridoc-bt750-led\/#primaryimage","url":"https:\/\/boatstuning.com\/wp-content\/uploads\/2023\/02\/Lichidare-de-stoc-4.jpg","contentUrl":"https:\/\/boatstuning.com\/wp-content\/uploads\/2023\/02\/Lichidare-de-stoc-4.jpg","width":1920,"height":1080},{"@type":"BreadcrumbList","@id":"https:\/\/boatstuning.com\/ro\/produs\/powerboat-470tl-peridoc-bt750-led\/#breadcrumb","itemListElement":[{"@type":"ListItem","position":1,"name":"Home","item":"https:\/\/boatstuning.com\/ro\/front-page\/"},{"@type":"ListItem","position":2,"name":"Magazin","item":"https:\/\/boatstuning.com\/ro\/magazin\/"},{"@type":"ListItem","position":3,"name":"Powerboat 470Tiller gri"}]},{"@type":"WebSite","@id":"https:\/\/boatstuning.com\/#website","url":"https:\/\/boatstuning.com\/","name":"Boats&Tuning","description":"V\u00e2nz\u0103ri \u0219i tuning b\u0103rci","publisher":{"@id":"https:\/\/boatstuning.com\/#organization"},"potentialAction":[{"@type":"SearchAction","target":{"@type":"EntryPoint","urlTemplate":"https:\/\/boatstuning.com\/?s={search_term_string}"},"query-input":{"@type":"PropertyValueSpecification","valueRequired":true,"valueName":"search_term_string"}}],"inLanguage":"ro-RO"},{"@type":"Organization","@id":"https:\/\/boatstuning.com\/#organization","name":"Boats&Tuning","url":"https:\/\/boatstuning.com\/","logo":{"@type":"ImageObject","inLanguage":"ro-RO","@id":"https:\/\/boatstuning.com\/#\/schema\/logo\/image\/","url":"https:\/\/boatstuning.com\/wp-content\/uploads\/2016\/07\/BoatsTuning_logo_web_5-01.svg","contentUrl":"https:\/\/boatstuning.com\/wp-content\/uploads\/2016\/07\/BoatsTuning_logo_web_5-01.svg","width":1,"height":1,"caption":"Boats&Tuning"},"image":{"@id":"https:\/\/boatstuning.com\/#\/schema\/logo\/image\/"},"sameAs":["https:\/\/www.facebook.com\/Boats.Tuning\/","https:\/\/www.instagram.com\/boats_tuning\/"]}]}},"_links":{"self":[{"href":"https:\/\/boatstuning.com\/ro\/wp-json\/wp\/v2\/product\/3917","targetHints":{"allow":["GET"]}}],"collection":[{"href":"https:\/\/boatstuning.com\/ro\/wp-json\/wp\/v2\/product"}],"about":[{"href":"https:\/\/boatstuning.com\/ro\/wp-json\/wp\/v2\/types\/product"}],"replies":[{"embeddable":true,"href":"https:\/\/boatstuning.com\/ro\/wp-json\/wp\/v2\/comments?post=3917"}],"wp:featuredmedia":[{"embeddable":true,"href":"https:\/\/boatstuning.com\/ro\/wp-json\/wp\/v2\/media\/11194"}],"wp:attachment":[{"href":"https:\/\/boatstuning.com\/ro\/wp-json\/wp\/v2\/media?parent=3917"}],"wp:term":[{"taxonomy":"product_brand","embeddable":true,"href":"https:\/\/boatstuning.com\/ro\/wp-json\/wp\/v2\/product_brand?post=3917"},{"taxonomy":"product_cat","embeddable":true,"href":"https:\/\/boatstuning.com\/ro\/wp-json\/wp\/v2\/product_cat?post=3917"},{"taxonomy":"product_tag","embeddable":true,"href":"https:\/\/boatstuning.com\/ro\/wp-json\/wp\/v2\/product_tag?post=3917"}],"curies":[{"name":"wp","href":"https:\/\/api.w.org\/{rel}","templated":true}]}}