{"id":3903,"date":"2015-11-10T12:48:45","date_gmt":"2015-11-10T12:48:45","guid":{"rendered":"https:\/\/boatstuning.com\/boats\/"},"modified":"2024-12-21T11:09:22","modified_gmt":"2024-12-21T09:09:22","slug":"boats","status":"publish","type":"page","link":"https:\/\/boatstuning.com\/ro\/boats\/","title":{"rendered":"B\u0103rci"},"content":{"rendered":"<p>[vc_row css=&#8221;.vc_custom_1468411343707{margin-bottom: 50px !important;padding-top: 55px !important;}&#8221;][vc_column offset=&#8221;vc_col-lg-9 vc_col-md-9&#8243;][vc_custom_heading text=&#8221;B\u0102RCI&#8221; font_container=&#8221;tag:h2|font_size:36|text_align:left&#8221; use_theme_fonts=&#8221;yes&#8221;][stm_classic_filter][\/vc_column][vc_column width=&#8221;1\/4&#8243; offset=&#8221;vc_hidden-sm vc_hidden-xs&#8221;][stm_sidebar sidebar=&#8221;2015&#8243;][\/vc_column][\/vc_row]<\/p>\n","protected":false},"excerpt":{"rendered":"<p>[vc_row css=&#8221;.vc_custom_1468411343707{margin-bottom: 50px !important;padding-top: 55px !important;}&#8221;][vc_column offset=&#8221;vc_col-lg-9 vc_col-md-9&#8243;][vc_custom_heading text=&#8221;B\u0102RCI&#8221; font_container=&#8221;tag:h2|font_size:36|text_align:left&#8221; use_theme_fonts=&#8221;yes&#8221;][stm_classic_filter][\/vc_column][vc_column width=&#8221;1\/4&#8243; offset=&#8221;vc_hidden-sm vc_hidden-xs&#8221;][stm_sidebar sidebar=&#8221;2015&#8243;][\/vc_column][\/vc_row]<\/p>\n","protected":false},"author":1,"featured_media":0,"parent":0,"menu_order":0,"comment_status":"closed","ping_status":"closed","template":"","meta":{"_uf_show_specific_survey":0,"_uf_disable_surveys":false,"footnotes":""},"class_list":["post-3903","page","type-page","status-publish","hentry"],"yoast_head":"<!-- This site is optimized with the Yoast SEO plugin v25.5 - https:\/\/yoast.com\/wordpress\/plugins\/seo\/ -->\n<title>B\u0103rci - Boats&amp;Tuning<\/title>\n<meta name=\"description\" content=\"Exploreaz\u0103 cele mai bune b\u0103rci pentru fiecare aventur\u0103, de la pescuit la recreere. Descoper\u0103 cele mai bune modele, caracteristici \u0219i recenzii pentru a alege barca perfect\u0103!\" \/>\n<meta name=\"robots\" content=\"index, follow, max-snippet:-1, max-image-preview:large, max-video-preview:-1\" \/>\n<link rel=\"canonical\" href=\"https:\/\/boatstuning.com\/ro\/boats\/\" \/>\n<meta property=\"og:locale\" content=\"ro_RO\" \/>\n<meta property=\"og:type\" content=\"article\" \/>\n<meta property=\"og:title\" content=\"B\u0103rci - Boats&amp;Tuning\" \/>\n<meta property=\"og:description\" content=\"Exploreaz\u0103 cele mai bune b\u0103rci pentru fiecare aventur\u0103, de la pescuit la recreere. Descoper\u0103 cele mai bune modele, caracteristici \u0219i recenzii pentru a alege barca perfect\u0103!\" \/>\n<meta property=\"og:url\" content=\"https:\/\/boatstuning.com\/ro\/boats\/\" \/>\n<meta property=\"og:site_name\" content=\"Boats&amp;Tuning\" \/>\n<meta property=\"article:publisher\" content=\"https:\/\/www.facebook.com\/Boats.Tuning\/\" \/>\n<meta property=\"article:modified_time\" content=\"2024-12-21T09:09:22+00:00\" \/>\n<meta name=\"twitter:card\" content=\"summary_large_image\" \/>\n<script type=\"application\/ld+json\" class=\"yoast-schema-graph\">{\"@context\":\"https:\/\/schema.org\",\"@graph\":[{\"@type\":\"WebPage\",\"@id\":\"https:\/\/boatstuning.com\/ro\/boats\/\",\"url\":\"https:\/\/boatstuning.com\/ro\/boats\/\",\"name\":\"B\u0103rci - Boats&amp;Tuning\",\"isPartOf\":{\"@id\":\"https:\/\/boatstuning.com\/#website\"},\"datePublished\":\"2015-11-10T12:48:45+00:00\",\"dateModified\":\"2024-12-21T09:09:22+00:00\",\"description\":\"Exploreaz\u0103 cele mai bune b\u0103rci pentru fiecare aventur\u0103, de la pescuit la recreere. Descoper\u0103 cele mai bune modele, caracteristici \u0219i recenzii pentru a alege barca perfect\u0103!\",\"breadcrumb\":{\"@id\":\"https:\/\/boatstuning.com\/ro\/boats\/#breadcrumb\"},\"inLanguage\":\"ro-RO\",\"potentialAction\":[{\"@type\":\"ReadAction\",\"target\":[\"https:\/\/boatstuning.com\/ro\/boats\/\"]}]},{\"@type\":\"BreadcrumbList\",\"@id\":\"https:\/\/boatstuning.com\/ro\/boats\/#breadcrumb\",\"itemListElement\":[{\"@type\":\"ListItem\",\"position\":1,\"name\":\"Home\",\"item\":\"https:\/\/boatstuning.com\/ro\/front-page\/\"},{\"@type\":\"ListItem\",\"position\":2,\"name\":\"B\u0103rci\"}]},{\"@type\":\"WebSite\",\"@id\":\"https:\/\/boatstuning.com\/#website\",\"url\":\"https:\/\/boatstuning.com\/\",\"name\":\"Boats&Tuning\",\"description\":\"V\u00e2nz\u0103ri \u0219i tuning b\u0103rci\",\"publisher\":{\"@id\":\"https:\/\/boatstuning.com\/#organization\"},\"potentialAction\":[{\"@type\":\"SearchAction\",\"target\":{\"@type\":\"EntryPoint\",\"urlTemplate\":\"https:\/\/boatstuning.com\/?s={search_term_string}\"},\"query-input\":{\"@type\":\"PropertyValueSpecification\",\"valueRequired\":true,\"valueName\":\"search_term_string\"}}],\"inLanguage\":\"ro-RO\"},{\"@type\":\"Organization\",\"@id\":\"https:\/\/boatstuning.com\/#organization\",\"name\":\"Boats&Tuning\",\"url\":\"https:\/\/boatstuning.com\/\",\"logo\":{\"@type\":\"ImageObject\",\"inLanguage\":\"ro-RO\",\"@id\":\"https:\/\/boatstuning.com\/#\/schema\/logo\/image\/\",\"url\":\"https:\/\/boatstuning.com\/wp-content\/uploads\/2016\/07\/BoatsTuning_logo_web_5-01.svg\",\"contentUrl\":\"https:\/\/boatstuning.com\/wp-content\/uploads\/2016\/07\/BoatsTuning_logo_web_5-01.svg\",\"width\":1,\"height\":1,\"caption\":\"Boats&Tuning\"},\"image\":{\"@id\":\"https:\/\/boatstuning.com\/#\/schema\/logo\/image\/\"},\"sameAs\":[\"https:\/\/www.facebook.com\/Boats.Tuning\/\",\"https:\/\/www.instagram.com\/boats_tuning\/\"]}]}<\/script>\n<!-- \/ Yoast SEO plugin. -->","yoast_head_json":{"title":"B\u0103rci - Boats&amp;Tuning","description":"Exploreaz\u0103 cele mai bune b\u0103rci pentru fiecare aventur\u0103, de la pescuit la recreere. Descoper\u0103 cele mai bune modele, caracteristici \u0219i recenzii pentru a alege barca perfect\u0103!","robots":{"index":"index","follow":"follow","max-snippet":"max-snippet:-1","max-image-preview":"max-image-preview:large","max-video-preview":"max-video-preview:-1"},"canonical":"https:\/\/boatstuning.com\/ro\/boats\/","og_locale":"ro_RO","og_type":"article","og_title":"B\u0103rci - Boats&amp;Tuning","og_description":"Exploreaz\u0103 cele mai bune b\u0103rci pentru fiecare aventur\u0103, de la pescuit la recreere. Descoper\u0103 cele mai bune modele, caracteristici \u0219i recenzii pentru a alege barca perfect\u0103!","og_url":"https:\/\/boatstuning.com\/ro\/boats\/","og_site_name":"Boats&amp;Tuning","article_publisher":"https:\/\/www.facebook.com\/Boats.Tuning\/","article_modified_time":"2024-12-21T09:09:22+00:00","twitter_card":"summary_large_image","schema":{"@context":"https:\/\/schema.org","@graph":[{"@type":"WebPage","@id":"https:\/\/boatstuning.com\/ro\/boats\/","url":"https:\/\/boatstuning.com\/ro\/boats\/","name":"B\u0103rci - Boats&amp;Tuning","isPartOf":{"@id":"https:\/\/boatstuning.com\/#website"},"datePublished":"2015-11-10T12:48:45+00:00","dateModified":"2024-12-21T09:09:22+00:00","description":"Exploreaz\u0103 cele mai bune b\u0103rci pentru fiecare aventur\u0103, de la pescuit la recreere. Descoper\u0103 cele mai bune modele, caracteristici \u0219i recenzii pentru a alege barca perfect\u0103!","breadcrumb":{"@id":"https:\/\/boatstuning.com\/ro\/boats\/#breadcrumb"},"inLanguage":"ro-RO","potentialAction":[{"@type":"ReadAction","target":["https:\/\/boatstuning.com\/ro\/boats\/"]}]},{"@type":"BreadcrumbList","@id":"https:\/\/boatstuning.com\/ro\/boats\/#breadcrumb","itemListElement":[{"@type":"ListItem","position":1,"name":"Home","item":"https:\/\/boatstuning.com\/ro\/front-page\/"},{"@type":"ListItem","position":2,"name":"B\u0103rci"}]},{"@type":"WebSite","@id":"https:\/\/boatstuning.com\/#website","url":"https:\/\/boatstuning.com\/","name":"Boats&Tuning","description":"V\u00e2nz\u0103ri \u0219i tuning b\u0103rci","publisher":{"@id":"https:\/\/boatstuning.com\/#organization"},"potentialAction":[{"@type":"SearchAction","target":{"@type":"EntryPoint","urlTemplate":"https:\/\/boatstuning.com\/?s={search_term_string}"},"query-input":{"@type":"PropertyValueSpecification","valueRequired":true,"valueName":"search_term_string"}}],"inLanguage":"ro-RO"},{"@type":"Organization","@id":"https:\/\/boatstuning.com\/#organization","name":"Boats&Tuning","url":"https:\/\/boatstuning.com\/","logo":{"@type":"ImageObject","inLanguage":"ro-RO","@id":"https:\/\/boatstuning.com\/#\/schema\/logo\/image\/","url":"https:\/\/boatstuning.com\/wp-content\/uploads\/2016\/07\/BoatsTuning_logo_web_5-01.svg","contentUrl":"https:\/\/boatstuning.com\/wp-content\/uploads\/2016\/07\/BoatsTuning_logo_web_5-01.svg","width":1,"height":1,"caption":"Boats&Tuning"},"image":{"@id":"https:\/\/boatstuning.com\/#\/schema\/logo\/image\/"},"sameAs":["https:\/\/www.facebook.com\/Boats.Tuning\/","https:\/\/www.instagram.com\/boats_tuning\/"]}]}},"_links":{"self":[{"href":"https:\/\/boatstuning.com\/ro\/wp-json\/wp\/v2\/pages\/3903","targetHints":{"allow":["GET"]}}],"collection":[{"href":"https:\/\/boatstuning.com\/ro\/wp-json\/wp\/v2\/pages"}],"about":[{"href":"https:\/\/boatstuning.com\/ro\/wp-json\/wp\/v2\/types\/page"}],"author":[{"embeddable":true,"href":"https:\/\/boatstuning.com\/ro\/wp-json\/wp\/v2\/users\/1"}],"replies":[{"embeddable":true,"href":"https:\/\/boatstuning.com\/ro\/wp-json\/wp\/v2\/comments?post=3903"}],"version-history":[{"count":4,"href":"https:\/\/boatstuning.com\/ro\/wp-json\/wp\/v2\/pages\/3903\/revisions"}],"predecessor-version":[{"id":10481,"href":"https:\/\/boatstuning.com\/ro\/wp-json\/wp\/v2\/pages\/3903\/revisions\/10481"}],"wp:attachment":[{"href":"https:\/\/boatstuning.com\/ro\/wp-json\/wp\/v2\/media?parent=3903"}],"curies":[{"name":"wp","href":"https:\/\/api.w.org\/{rel}","templated":true}]}}